{"id":16,"date":"2021-11-08T11:17:59","date_gmt":"2021-11-08T09:17:59","guid":{"rendered":"https:\/\/tamogatok.tilos.hu\/?page_id=16"},"modified":"2021-11-08T11:18:23","modified_gmt":"2021-11-08T09:18:23","slug":"16-2","status":"publish","type":"page","link":"https:\/\/tamogatok.tilos.hu\/","title":{"rendered":"t\u00e1mogat\u00f3ink"},"content":{"rendered":"\n<p>Ez egy bels\u0151 haszn\u00e1lat\u00fa adatb\u00e1zis, ez\u00e9rt nem l\u00e1thatsz semmit.<br>Esetleg n\u00e9zd meg a <a href=\"https:\/\/tilos.hu\/\" data-type=\"URL\" data-id=\"https:\/\/tilos.hu\/\"><strong>tilos.hu<\/strong><\/a> oldalt, h\u00e1tha ott van valami \u00e9rdekess\u00e9g \ud83d\ude09<\/p>\n","protected":false},"excerpt":{"rendered":"<p>Ez egy bels\u0151 haszn\u00e1lat\u00fa adatb\u00e1zis, ez\u00e9rt nem l\u00e1thatsz semmit.Esetleg n\u00e9zd meg a tilos.hu oldalt, h\u00e1tha ott van valami \u00e9rdekess\u00e9g \ud83d\ude09<\/p>\n","protected":false},"author":2,"featured_media":0,"parent":0,"menu_order":0,"comment_status":"closed","ping_status":"closed","template":"","meta":{"footnotes":""},"class_list":["post-16","page","type-page","status-publish","hentry","entry"],"_links":{"self":[{"href":"https:\/\/tamogatok.tilos.hu\/index.php\/wp-json\/wp\/v2\/pages\/16","targetHints":{"allow":["GET"]}}],"collection":[{"href":"https:\/\/tamogatok.tilos.hu\/index.php\/wp-json\/wp\/v2\/pages"}],"about":[{"href":"https:\/\/tamogatok.tilos.hu\/index.php\/wp-json\/wp\/v2\/types\/page"}],"author":[{"embeddable":true,"href":"https:\/\/tamogatok.tilos.hu\/index.php\/wp-json\/wp\/v2\/users\/2"}],"replies":[{"embeddable":true,"href":"https:\/\/tamogatok.tilos.hu\/index.php\/wp-json\/wp\/v2\/comments?post=16"}],"version-history":[{"count":3,"href":"https:\/\/tamogatok.tilos.hu\/index.php\/wp-json\/wp\/v2\/pages\/16\/revisions"}],"predecessor-version":[{"id":19,"href":"https:\/\/tamogatok.tilos.hu\/index.php\/wp-json\/wp\/v2\/pages\/16\/revisions\/19"}],"wp:attachment":[{"href":"https:\/\/tamogatok.tilos.hu\/index.php\/wp-json\/wp\/v2\/media?parent=16"}],"curies":[{"name":"wp","href":"https:\/\/api.w.org\/{rel}","templated":true}]}}